{"id":28735,"date":"2022-10-05T17:56:00","date_gmt":"2022-10-05T17:56:00","guid":{"rendered":"https:\/\/ter-staging.engnroom.org\/faq-frequently-asked-questions-about-tech-data\/"},"modified":"2024-02-21T10:17:58","modified_gmt":"2024-02-21T10:17:58","slug":"faq-questions-frequemment-posees","status":"publish","type":"page","link":"https:\/\/ter-staging.engnroom.org\/fr\/faq-questions-frequemment-posees\/","title":{"rendered":"FAQ: QUESTIONS FR\u00c9QUEMMENT POS\u00c9ES SUR LES TECHNOLOGIES ET LES DONN\u00c9ES"},"content":{"rendered":"","protected":false},"excerpt":{"rendered":"","protected":false},"author":3,"featured_media":0,"parent":0,"menu_order":0,"comment_status":"closed","ping_status":"closed","template":"","meta":{"footnotes":""},"class_list":["post-28735","page","type-page","status-publish","hentry"],"acf":[],"yoast_head":"<!-- This site is optimized with the Yoast SEO plugin v27.4 - https:\/\/yoast.com\/product\/yoast-seo-wordpress\/ -->\n<title>FAQ: QUESTIONS FR\u00c9QUEMMENT POS\u00c9ES SUR LES TECHNOLOGIES ET LES DONN\u00c9ES - The Engine Room<\/title>\n<meta name=\"robots\" content=\"noindex, follow, max-snippet:-1, max-image-preview:large, max-video-preview:-1\" \/>\n<meta property=\"og:locale\" content=\"fr_FR\" \/>\n<meta property=\"og:type\" content=\"article\" \/>\n<meta property=\"og:title\" content=\"FAQ: QUESTIONS FR\u00c9QUEMMENT POS\u00c9ES SUR LES TECHNOLOGIES ET LES DONN\u00c9ES - The Engine Room\" \/>\n<meta property=\"og:url\" content=\"https:\/\/ter-staging.engnroom.org\/fr\/faq-questions-frequemment-posees\/\" \/>\n<meta property=\"og:site_name\" content=\"The Engine Room\" \/>\n<meta property=\"article:modified_time\" content=\"2024-02-21T10:17:58+00:00\" \/>\n<meta name=\"twitter:card\" content=\"summary_large_image\" \/>\n<script type=\"application\/ld+json\" class=\"yoast-schema-graph\">{\"@context\":\"https:\\\/\\\/schema.org\",\"@graph\":[{\"@type\":\"WebPage\",\"@id\":\"https:\\\/\\\/ter-staging.engnroom.org\\\/fr\\\/faq-questions-frequemment-posees\\\/\",\"url\":\"https:\\\/\\\/ter-staging.engnroom.org\\\/fr\\\/faq-questions-frequemment-posees\\\/\",\"name\":\"FAQ: QUESTIONS FR\u00c9QUEMMENT POS\u00c9ES SUR LES TECHNOLOGIES ET LES DONN\u00c9ES - The Engine Room\",\"isPartOf\":{\"@id\":\"https:\\\/\\\/ter-staging.engnroom.org\\\/fr\\\/#website\"},\"datePublished\":\"2022-10-05T17:56:00+00:00\",\"dateModified\":\"2024-02-21T10:17:58+00:00\",\"breadcrumb\":{\"@id\":\"https:\\\/\\\/ter-staging.engnroom.org\\\/fr\\\/faq-questions-frequemment-posees\\\/#breadcrumb\"},\"inLanguage\":\"fr-FR\",\"potentialAction\":[{\"@type\":\"ReadAction\",\"target\":[\"https:\\\/\\\/ter-staging.engnroom.org\\\/fr\\\/faq-questions-frequemment-posees\\\/\"]}]},{\"@type\":\"BreadcrumbList\",\"@id\":\"https:\\\/\\\/ter-staging.engnroom.org\\\/fr\\\/faq-questions-frequemment-posees\\\/#breadcrumb\",\"itemListElement\":[{\"@type\":\"ListItem\",\"position\":1,\"name\":\"Home\",\"item\":\"https:\\\/\\\/ter-staging.engnroom.org\\\/fr\\\/\"},{\"@type\":\"ListItem\",\"position\":2,\"name\":\"FAQ: QUESTIONS FR\u00c9QUEMMENT POS\u00c9ES SUR LES TECHNOLOGIES ET LES DONN\u00c9ES\"}]},{\"@type\":\"WebSite\",\"@id\":\"https:\\\/\\\/ter-staging.engnroom.org\\\/fr\\\/#website\",\"url\":\"https:\\\/\\\/ter-staging.engnroom.org\\\/fr\\\/\",\"name\":\"The Engine Room\",\"description\":\"Supporting civil society to use technology and data in strategic, effective and responsible ways.\",\"publisher\":{\"@id\":\"https:\\\/\\\/ter-staging.engnroom.org\\\/fr\\\/#organization\"},\"potentialAction\":[{\"@type\":\"SearchAction\",\"target\":{\"@type\":\"EntryPoint\",\"urlTemplate\":\"https:\\\/\\\/ter-staging.engnroom.org\\\/fr\\\/?s={search_term_string}\"},\"query-input\":{\"@type\":\"PropertyValueSpecification\",\"valueRequired\":true,\"valueName\":\"search_term_string\"}}],\"inLanguage\":\"fr-FR\"},{\"@type\":\"Organization\",\"@id\":\"https:\\\/\\\/ter-staging.engnroom.org\\\/fr\\\/#organization\",\"name\":\"The Engine Room\",\"url\":\"https:\\\/\\\/ter-staging.engnroom.org\\\/fr\\\/\",\"logo\":{\"@type\":\"ImageObject\",\"inLanguage\":\"fr-FR\",\"@id\":\"https:\\\/\\\/ter-staging.engnroom.org\\\/fr\\\/#\\\/schema\\\/logo\\\/image\\\/\",\"url\":\"https:\\\/\\\/ter-staging.engnroom.org\\\/wp-content\\\/uploads\\\/2022\\\/11\\\/cropped-logo.png\",\"contentUrl\":\"https:\\\/\\\/ter-staging.engnroom.org\\\/wp-content\\\/uploads\\\/2022\\\/11\\\/cropped-logo.png\",\"width\":1110,\"height\":108,\"caption\":\"The Engine Room\"},\"image\":{\"@id\":\"https:\\\/\\\/ter-staging.engnroom.org\\\/fr\\\/#\\\/schema\\\/logo\\\/image\\\/\"}}]}<\/script>\n<!-- \/ Yoast SEO plugin. -->","yoast_head_json":{"title":"FAQ: QUESTIONS FR\u00c9QUEMMENT POS\u00c9ES SUR LES TECHNOLOGIES ET LES DONN\u00c9ES - The Engine Room","robots":{"index":"noindex","follow":"follow","max-snippet":"max-snippet:-1","max-image-preview":"max-image-preview:large","max-video-preview":"max-video-preview:-1"},"og_locale":"fr_FR","og_type":"article","og_title":"FAQ: QUESTIONS FR\u00c9QUEMMENT POS\u00c9ES SUR LES TECHNOLOGIES ET LES DONN\u00c9ES - The Engine Room","og_url":"https:\/\/ter-staging.engnroom.org\/fr\/faq-questions-frequemment-posees\/","og_site_name":"The Engine Room","article_modified_time":"2024-02-21T10:17:58+00:00","twitter_card":"summary_large_image","schema":{"@context":"https:\/\/schema.org","@graph":[{"@type":"WebPage","@id":"https:\/\/ter-staging.engnroom.org\/fr\/faq-questions-frequemment-posees\/","url":"https:\/\/ter-staging.engnroom.org\/fr\/faq-questions-frequemment-posees\/","name":"FAQ: QUESTIONS FR\u00c9QUEMMENT POS\u00c9ES SUR LES TECHNOLOGIES ET LES DONN\u00c9ES - The Engine Room","isPartOf":{"@id":"https:\/\/ter-staging.engnroom.org\/fr\/#website"},"datePublished":"2022-10-05T17:56:00+00:00","dateModified":"2024-02-21T10:17:58+00:00","breadcrumb":{"@id":"https:\/\/ter-staging.engnroom.org\/fr\/faq-questions-frequemment-posees\/#breadcrumb"},"inLanguage":"fr-FR","potentialAction":[{"@type":"ReadAction","target":["https:\/\/ter-staging.engnroom.org\/fr\/faq-questions-frequemment-posees\/"]}]},{"@type":"BreadcrumbList","@id":"https:\/\/ter-staging.engnroom.org\/fr\/faq-questions-frequemment-posees\/#breadcrumb","itemListElement":[{"@type":"ListItem","position":1,"name":"Home","item":"https:\/\/ter-staging.engnroom.org\/fr\/"},{"@type":"ListItem","position":2,"name":"FAQ: QUESTIONS FR\u00c9QUEMMENT POS\u00c9ES SUR LES TECHNOLOGIES ET LES DONN\u00c9ES"}]},{"@type":"WebSite","@id":"https:\/\/ter-staging.engnroom.org\/fr\/#website","url":"https:\/\/ter-staging.engnroom.org\/fr\/","name":"The Engine Room","description":"Supporting civil society to use technology and data in strategic, effective and responsible ways.","publisher":{"@id":"https:\/\/ter-staging.engnroom.org\/fr\/#organization"},"potentialAction":[{"@type":"SearchAction","target":{"@type":"EntryPoint","urlTemplate":"https:\/\/ter-staging.engnroom.org\/fr\/?s={search_term_string}"},"query-input":{"@type":"PropertyValueSpecification","valueRequired":true,"valueName":"search_term_string"}}],"inLanguage":"fr-FR"},{"@type":"Organization","@id":"https:\/\/ter-staging.engnroom.org\/fr\/#organization","name":"The Engine Room","url":"https:\/\/ter-staging.engnroom.org\/fr\/","logo":{"@type":"ImageObject","inLanguage":"fr-FR","@id":"https:\/\/ter-staging.engnroom.org\/fr\/#\/schema\/logo\/image\/","url":"https:\/\/ter-staging.engnroom.org\/wp-content\/uploads\/2022\/11\/cropped-logo.png","contentUrl":"https:\/\/ter-staging.engnroom.org\/wp-content\/uploads\/2022\/11\/cropped-logo.png","width":1110,"height":108,"caption":"The Engine Room"},"image":{"@id":"https:\/\/ter-staging.engnroom.org\/fr\/#\/schema\/logo\/image\/"}}]}},"_links":{"self":[{"href":"https:\/\/ter-staging.engnroom.org\/fr\/wp-json\/wp\/v2\/pages\/28735","targetHints":{"allow":["GET"]}}],"collection":[{"href":"https:\/\/ter-staging.engnroom.org\/fr\/wp-json\/wp\/v2\/pages"}],"about":[{"href":"https:\/\/ter-staging.engnroom.org\/fr\/wp-json\/wp\/v2\/types\/page"}],"author":[{"embeddable":true,"href":"https:\/\/ter-staging.engnroom.org\/fr\/wp-json\/wp\/v2\/users\/3"}],"replies":[{"embeddable":true,"href":"https:\/\/ter-staging.engnroom.org\/fr\/wp-json\/wp\/v2\/comments?post=28735"}],"version-history":[{"count":4,"href":"https:\/\/ter-staging.engnroom.org\/fr\/wp-json\/wp\/v2\/pages\/28735\/revisions"}],"predecessor-version":[{"id":28741,"href":"https:\/\/ter-staging.engnroom.org\/fr\/wp-json\/wp\/v2\/pages\/28735\/revisions\/28741"}],"wp:attachment":[{"href":"https:\/\/ter-staging.engnroom.org\/fr\/wp-json\/wp\/v2\/media?parent=28735"}],"curies":[{"name":"wp","href":"https:\/\/api.w.org\/{rel}","templated":true}]}}